{"id":225,"date":"2020-09-25T23:18:08","date_gmt":"2020-09-26T03:18:08","guid":{"rendered":"http:\/\/diamondyao.com\/?page_id=225"},"modified":"2020-09-25T23:18:08","modified_gmt":"2020-09-26T03:18:08","slug":"land-acknowledgement","status":"publish","type":"page","link":"https:\/\/diamondyao.com\/fr\/land-acknowledgement\/","title":{"rendered":"Reconnaissance du territoire"},"content":{"rendered":"<div class=\"wp-block-jetpack-layout-grid alignfull column1-desktop-grid__span-12 column1-desktop-grid__row-1 column1-tablet-grid__span-8 column1-tablet-grid__row-1 column1-mobile-grid__span-4 column1-mobile-grid__row-1\">\n<div class=\"wp-block-jetpack-layout-grid-column wp-block-jetpack-layout-grid__padding-none\">\n<div class=\"wp-block-jetpack-layout-grid alignfull column1-desktop-grid__span-1 column1-desktop-grid__row-1 column2-desktop-grid__span-11 column2-desktop-grid__start-2 column2-desktop-grid__row-1 column1-tablet-grid__span-4 column1-tablet-grid__row-1 column2-tablet-grid__span-4 column2-tablet-grid__start-5 column2-tablet-grid__row-1 column1-mobile-grid__span-4 column1-mobile-grid__row-1 column2-mobile-grid__span-4 column2-mobile-grid__row-2\">\n<div class=\"wp-block-jetpack-layout-grid-column wp-block-jetpack-layout-grid__padding-none\"><\/div>\n\n\n\n<div class=\"wp-block-jetpack-layout-grid-column wp-block-jetpack-layout-grid__padding-none has-background has-background-background-color\">\n<p class=\"has-text-align-justify wp-block-paragraph\">Diamond est bas\u00e9e \u00e0 Tiohti\u00e1:ke, aussi connue sous le nom colonial de Montr\u00e9al. Elle reconna\u00eet que cette \u00eele enti\u00e8re est situ\u00e9e sur des territoires autochtones non-c\u00e9d\u00e9s. La nation Kanien\u2019keh\u00e1:ka est reconnue comme les gardiens des terres et des eaux sur lesquelles elle vit et travaille. Tiohti\u00e1:ke a historiquement \u00e9t\u00e9 un lieu important de rencontres pour diff\u00e9rentes nations autochtones. Diamond reconna\u00eet les obstacles uniques et disproportionn\u00e9s que les peuples autochtones ont v\u00e9cus et continuent \u00e0 vivre comme cons\u00e9quence de la colonisation. Il est important pour elle de non seulement reconna\u00eetre ces obstacles, mais aussi de r\u00e9sister activement au colonialisme et au n\u00e9o-colonialisme sous diverses formes tout en \u00e9tant solidaire avec les peuples autochtones. Tout au long de sa carri\u00e8re et de sa vie, elle encourage les allochtones \u00e0 reconna\u00eetre leur privil\u00e8ge et de questionner comment ils et elles peuvent vivre de mani\u00e8re anti-oppressive tous les jours.<\/p>\n\n\n\n<p class=\"wp-block-paragraph\">Cette reconnaissance du territoire est inspir\u00e9e de celui du <a href=\"https:\/\/www.facebook.com\/groups\/656651661411226\/about\">Collectif pan-asiatique<\/a>, un groupe \u00e9tudiant de l'universit\u00e9 McGill qui a comme mission d'augmenter l'engagement de la communaut\u00e9 mcgilloise avec l'histoire et la culture asiatique. <\/p>\n<\/div>\n<\/div>\n<\/div>\n<\/div>\n\n\n\n<div class=\"wp-block-group alignfull is-layout-flow wp-block-group-is-layout-flow\"><div class=\"wp-block-group__inner-container\"><\/div><\/div>","protected":false},"excerpt":{"rendered":"<p>Diamond is based in Tiohti\u00e1:ke, colonially known as Montreal. She acknowledges that this entire island is located on unceded and unsurrendered Indigenous land. The Kanien\u2019keh\u00e1:ka Nation are recognized as the custodians of the land and water on which she works and lives. Tiohti\u00e1:ke has historically been an important meeting place for different Indigenous nations. She&hellip;<\/p>","protected":false},"author":191496667,"featured_media":0,"parent":0,"menu_order":0,"comment_status":"closed","ping_status":"closed","template":"","meta":{"_coblocks_attr":"","_coblocks_dimensions":"","_coblocks_responsive_height":"","_coblocks_accordion_ie_support":"","_crdt_document":"","advanced_seo_description":"","jetpack_seo_html_title":"","jetpack_seo_noindex":false,"jetpack_post_was_ever_published":false,"footnotes":""},"class_list":["post-225","page","type-page","status-publish","hentry","empty-entry-meta"],"jetpack_likes_enabled":null,"jetpack_sharing_enabled":false,"jetpack_shortlink":"https:\/\/wp.me\/Pci1uA-3D","jetpack-related-posts":[],"_links":{"self":[{"href":"https:\/\/diamondyao.com\/fr\/wp-json\/wp\/v2\/pages\/225","targetHints":{"allow":["GET"]}}],"collection":[{"href":"https:\/\/diamondyao.com\/fr\/wp-json\/wp\/v2\/pages"}],"about":[{"href":"https:\/\/diamondyao.com\/fr\/wp-json\/wp\/v2\/types\/page"}],"author":[{"embeddable":true,"href":"https:\/\/diamondyao.com\/fr\/wp-json\/wp\/v2\/users\/191496667"}],"replies":[{"embeddable":true,"href":"https:\/\/diamondyao.com\/fr\/wp-json\/wp\/v2\/comments?post=225"}],"version-history":[{"count":3,"href":"https:\/\/diamondyao.com\/fr\/wp-json\/wp\/v2\/pages\/225\/revisions"}],"predecessor-version":[{"id":228,"href":"https:\/\/diamondyao.com\/fr\/wp-json\/wp\/v2\/pages\/225\/revisions\/228"}],"wp:attachment":[{"href":"https:\/\/diamondyao.com\/fr\/wp-json\/wp\/v2\/media?parent=225"}],"curies":[{"name":"wp","href":"https:\/\/api.w.org\/{rel}","templated":true}]}}